{"id":1252,"date":"2024-01-31T11:37:11","date_gmt":"2024-01-31T11:37:11","guid":{"rendered":"https:\/\/morganne.pt\/parcerias\/"},"modified":"2026-01-30T22:50:23","modified_gmt":"2026-01-30T22:50:23","slug":"partnerships","status":"publish","type":"page","link":"https:\/\/morganne.pt\/en\/partnerships\/","title":{"rendered":"Partnerships"},"content":{"rendered":"","protected":false},"excerpt":{"rendered":"","protected":false},"author":1,"featured_media":0,"parent":0,"menu_order":0,"comment_status":"open","ping_status":"closed","template":"","meta":{"footnotes":""},"class_list":["post-1252","page","type-page","status-publish","hentry"],"yoast_head":"<!-- This site is optimized with the Yoast SEO plugin v22.1 - https:\/\/yoast.com\/wordpress\/plugins\/seo\/ -->\n<title>Partnerships - Morganne<\/title>\n<meta name=\"robots\" content=\"index, follow, max-snippet:-1, max-image-preview:large, max-video-preview:-1\" \/>\n<link rel=\"canonical\" href=\"https:\/\/morganne.pt\/parcerias\/\" \/>\n<meta property=\"og:locale\" content=\"en_US\" \/>\n<meta property=\"og:type\" content=\"article\" \/>\n<meta property=\"og:title\" content=\"Partnerships - Morganne\" \/>\n<meta property=\"og:url\" content=\"https:\/\/morganne.pt\/parcerias\/\" \/>\n<meta property=\"og:site_name\" content=\"Morganne\" \/>\n<meta property=\"article:modified_time\" content=\"2026-01-30T22:50:23+00:00\" \/>\n<meta name=\"twitter:card\" content=\"summary_large_image\" \/>\n<script type=\"application\/ld+json\" class=\"yoast-schema-graph\">{\"@context\":\"https:\/\/schema.org\",\"@graph\":[{\"@type\":\"WebPage\",\"@id\":\"https:\/\/morganne.pt\/parcerias\/\",\"url\":\"https:\/\/morganne.pt\/parcerias\/\",\"name\":\"Partnerships - Morganne\",\"isPartOf\":{\"@id\":\"https:\/\/morganne.pt\/#website\"},\"datePublished\":\"2024-01-31T11:37:11+00:00\",\"dateModified\":\"2026-01-30T22:50:23+00:00\",\"breadcrumb\":{\"@id\":\"https:\/\/morganne.pt\/parcerias\/#breadcrumb\"},\"inLanguage\":\"en-US\",\"potentialAction\":[{\"@type\":\"ReadAction\",\"target\":[\"https:\/\/morganne.pt\/parcerias\/\"]}]},{\"@type\":\"BreadcrumbList\",\"@id\":\"https:\/\/morganne.pt\/parcerias\/#breadcrumb\",\"itemListElement\":[{\"@type\":\"ListItem\",\"position\":1,\"name\":\"In\u00edcio\",\"item\":\"https:\/\/morganne.pt\/en\/\"},{\"@type\":\"ListItem\",\"position\":2,\"name\":\"Partnerships\"}]},{\"@type\":\"WebSite\",\"@id\":\"https:\/\/morganne.pt\/#website\",\"url\":\"https:\/\/morganne.pt\/\",\"name\":\"Morganne | Ilumina\u00e7\u00e3o\",\"description\":\"Ilumina\u00e7\u00e3o\",\"potentialAction\":[{\"@type\":\"SearchAction\",\"target\":{\"@type\":\"EntryPoint\",\"urlTemplate\":\"https:\/\/morganne.pt\/?s={search_term_string}\"},\"query-input\":\"required name=search_term_string\"}],\"inLanguage\":\"en-US\"}]}<\/script>\n<!-- \/ Yoast SEO plugin. -->","yoast_head_json":{"title":"Partnerships - Morganne","robots":{"index":"index","follow":"follow","max-snippet":"max-snippet:-1","max-image-preview":"max-image-preview:large","max-video-preview":"max-video-preview:-1"},"canonical":"https:\/\/morganne.pt\/parcerias\/","og_locale":"en_US","og_type":"article","og_title":"Partnerships - Morganne","og_url":"https:\/\/morganne.pt\/parcerias\/","og_site_name":"Morganne","article_modified_time":"2026-01-30T22:50:23+00:00","twitter_card":"summary_large_image","schema":{"@context":"https:\/\/schema.org","@graph":[{"@type":"WebPage","@id":"https:\/\/morganne.pt\/parcerias\/","url":"https:\/\/morganne.pt\/parcerias\/","name":"Partnerships - Morganne","isPartOf":{"@id":"https:\/\/morganne.pt\/#website"},"datePublished":"2024-01-31T11:37:11+00:00","dateModified":"2026-01-30T22:50:23+00:00","breadcrumb":{"@id":"https:\/\/morganne.pt\/parcerias\/#breadcrumb"},"inLanguage":"en-US","potentialAction":[{"@type":"ReadAction","target":["https:\/\/morganne.pt\/parcerias\/"]}]},{"@type":"BreadcrumbList","@id":"https:\/\/morganne.pt\/parcerias\/#breadcrumb","itemListElement":[{"@type":"ListItem","position":1,"name":"In\u00edcio","item":"https:\/\/morganne.pt\/en\/"},{"@type":"ListItem","position":2,"name":"Partnerships"}]},{"@type":"WebSite","@id":"https:\/\/morganne.pt\/#website","url":"https:\/\/morganne.pt\/","name":"Morganne | Ilumina\u00e7\u00e3o","description":"Ilumina\u00e7\u00e3o","potentialAction":[{"@type":"SearchAction","target":{"@type":"EntryPoint","urlTemplate":"https:\/\/morganne.pt\/?s={search_term_string}"},"query-input":"required name=search_term_string"}],"inLanguage":"en-US"}]}},"_links":{"self":[{"href":"https:\/\/morganne.pt\/en\/wp-json\/wp\/v2\/pages\/1252","targetHints":{"allow":["GET"]}}],"collection":[{"href":"https:\/\/morganne.pt\/en\/wp-json\/wp\/v2\/pages"}],"about":[{"href":"https:\/\/morganne.pt\/en\/wp-json\/wp\/v2\/types\/page"}],"author":[{"embeddable":true,"href":"https:\/\/morganne.pt\/en\/wp-json\/wp\/v2\/users\/1"}],"replies":[{"embeddable":true,"href":"https:\/\/morganne.pt\/en\/wp-json\/wp\/v2\/comments?post=1252"}],"version-history":[{"count":1,"href":"https:\/\/morganne.pt\/en\/wp-json\/wp\/v2\/pages\/1252\/revisions"}],"predecessor-version":[{"id":1253,"href":"https:\/\/morganne.pt\/en\/wp-json\/wp\/v2\/pages\/1252\/revisions\/1253"}],"wp:attachment":[{"href":"https:\/\/morganne.pt\/en\/wp-json\/wp\/v2\/media?parent=1252"}],"curies":[{"name":"wp","href":"https:\/\/api.w.org\/{rel}","templated":true}]}}