{"id":1280,"date":"2020-06-04T07:23:06","date_gmt":"2020-06-04T07:23:06","guid":{"rendered":"https:\/\/morganne.pt\/home-2\/"},"modified":"2024-03-05T11:56:37","modified_gmt":"2024-03-05T11:56:37","slug":"home-2","status":"publish","type":"page","link":"https:\/\/morganne.pt\/es\/","title":{"rendered":"Home"},"content":{"rendered":"","protected":false},"excerpt":{"rendered":"","protected":false},"author":1,"featured_media":0,"parent":0,"menu_order":0,"comment_status":"open","ping_status":"closed","template":"","meta":{"footnotes":""},"class_list":["post-1280","page","type-page","status-publish","hentry"],"yoast_head":"<!-- This site is optimized with the Yoast SEO plugin v22.1 - https:\/\/yoast.com\/wordpress\/plugins\/seo\/ -->\n<title>Morganne | Ilumina\u00e7\u00e3o<\/title>\n<meta name=\"description\" content=\"Valorizamos tanto a luz como a sombra, porque o nosso mundo n\u00e3o \u00e9 mais do que um conjunto de contrastes. Ilumina\u00e7\u00e3o com a Morganne.\" \/>\n<meta name=\"robots\" content=\"index, follow, max-snippet:-1, max-image-preview:large, max-video-preview:-1\" \/>\n<link rel=\"canonical\" href=\"https:\/\/morganne.pt\/es\/\" \/>\n<meta property=\"og:locale\" content=\"es_ES\" \/>\n<meta property=\"og:type\" content=\"article\" \/>\n<meta property=\"og:title\" content=\"Morganne | Ilumina\u00e7\u00e3o\" \/>\n<meta property=\"og:description\" content=\"Valorizamos tanto a luz como a sombra, porque o nosso mundo n\u00e3o \u00e9 mais do que um conjunto de contrastes. Ilumina\u00e7\u00e3o com a Morganne.\" \/>\n<meta property=\"og:url\" content=\"https:\/\/morganne.pt\/es\/\" \/>\n<meta property=\"og:site_name\" content=\"Morganne\" \/>\n<meta property=\"article:modified_time\" content=\"2024-03-05T11:56:37+00:00\" \/>\n<meta name=\"twitter:card\" content=\"summary_large_image\" \/>\n<script type=\"application\/ld+json\" class=\"yoast-schema-graph\">{\"@context\":\"https:\/\/schema.org\",\"@graph\":[{\"@type\":\"WebPage\",\"@id\":\"https:\/\/morganne.pt\/es\/\",\"url\":\"https:\/\/morganne.pt\/es\/\",\"name\":\"Morganne | Ilumina\u00e7\u00e3o\",\"isPartOf\":{\"@id\":\"https:\/\/morganne.pt\/#website\"},\"datePublished\":\"2020-06-04T07:23:06+00:00\",\"dateModified\":\"2024-03-05T11:56:37+00:00\",\"description\":\"Valorizamos tanto a luz como a sombra, porque o nosso mundo n\u00e3o \u00e9 mais do que um conjunto de contrastes. Ilumina\u00e7\u00e3o com a Morganne.\",\"breadcrumb\":{\"@id\":\"https:\/\/morganne.pt\/es\/#breadcrumb\"},\"inLanguage\":\"es\",\"potentialAction\":[{\"@type\":\"ReadAction\",\"target\":[\"https:\/\/morganne.pt\/es\/\"]}]},{\"@type\":\"BreadcrumbList\",\"@id\":\"https:\/\/morganne.pt\/es\/#breadcrumb\",\"itemListElement\":[{\"@type\":\"ListItem\",\"position\":1,\"name\":\"In\u00edcio\",\"item\":\"https:\/\/morganne.pt\/es\/\"},{\"@type\":\"ListItem\",\"position\":2,\"name\":\"Home\"}]},{\"@type\":\"WebSite\",\"@id\":\"https:\/\/morganne.pt\/#website\",\"url\":\"https:\/\/morganne.pt\/\",\"name\":\"Morganne | Ilumina\u00e7\u00e3o\",\"description\":\"Ilumina\u00e7\u00e3o\",\"potentialAction\":[{\"@type\":\"SearchAction\",\"target\":{\"@type\":\"EntryPoint\",\"urlTemplate\":\"https:\/\/morganne.pt\/?s={search_term_string}\"},\"query-input\":\"required name=search_term_string\"}],\"inLanguage\":\"es\"}]}<\/script>\n<!-- \/ Yoast SEO plugin. -->","yoast_head_json":{"title":"Morganne | Ilumina\u00e7\u00e3o","description":"Valorizamos tanto a luz como a sombra, porque o nosso mundo n\u00e3o \u00e9 mais do que um conjunto de contrastes. Ilumina\u00e7\u00e3o com a Morganne.","robots":{"index":"index","follow":"follow","max-snippet":"max-snippet:-1","max-image-preview":"max-image-preview:large","max-video-preview":"max-video-preview:-1"},"canonical":"https:\/\/morganne.pt\/es\/","og_locale":"es_ES","og_type":"article","og_title":"Morganne | Ilumina\u00e7\u00e3o","og_description":"Valorizamos tanto a luz como a sombra, porque o nosso mundo n\u00e3o \u00e9 mais do que um conjunto de contrastes. Ilumina\u00e7\u00e3o com a Morganne.","og_url":"https:\/\/morganne.pt\/es\/","og_site_name":"Morganne","article_modified_time":"2024-03-05T11:56:37+00:00","twitter_card":"summary_large_image","schema":{"@context":"https:\/\/schema.org","@graph":[{"@type":"WebPage","@id":"https:\/\/morganne.pt\/es\/","url":"https:\/\/morganne.pt\/es\/","name":"Morganne | Ilumina\u00e7\u00e3o","isPartOf":{"@id":"https:\/\/morganne.pt\/#website"},"datePublished":"2020-06-04T07:23:06+00:00","dateModified":"2024-03-05T11:56:37+00:00","description":"Valorizamos tanto a luz como a sombra, porque o nosso mundo n\u00e3o \u00e9 mais do que um conjunto de contrastes. Ilumina\u00e7\u00e3o com a Morganne.","breadcrumb":{"@id":"https:\/\/morganne.pt\/es\/#breadcrumb"},"inLanguage":"es","potentialAction":[{"@type":"ReadAction","target":["https:\/\/morganne.pt\/es\/"]}]},{"@type":"BreadcrumbList","@id":"https:\/\/morganne.pt\/es\/#breadcrumb","itemListElement":[{"@type":"ListItem","position":1,"name":"In\u00edcio","item":"https:\/\/morganne.pt\/es\/"},{"@type":"ListItem","position":2,"name":"Home"}]},{"@type":"WebSite","@id":"https:\/\/morganne.pt\/#website","url":"https:\/\/morganne.pt\/","name":"Morganne | Ilumina\u00e7\u00e3o","description":"Ilumina\u00e7\u00e3o","potentialAction":[{"@type":"SearchAction","target":{"@type":"EntryPoint","urlTemplate":"https:\/\/morganne.pt\/?s={search_term_string}"},"query-input":"required name=search_term_string"}],"inLanguage":"es"}]}},"_links":{"self":[{"href":"https:\/\/morganne.pt\/es\/wp-json\/wp\/v2\/pages\/1280","targetHints":{"allow":["GET"]}}],"collection":[{"href":"https:\/\/morganne.pt\/es\/wp-json\/wp\/v2\/pages"}],"about":[{"href":"https:\/\/morganne.pt\/es\/wp-json\/wp\/v2\/types\/page"}],"author":[{"embeddable":true,"href":"https:\/\/morganne.pt\/es\/wp-json\/wp\/v2\/users\/1"}],"replies":[{"embeddable":true,"href":"https:\/\/morganne.pt\/es\/wp-json\/wp\/v2\/comments?post=1280"}],"version-history":[{"count":1,"href":"https:\/\/morganne.pt\/es\/wp-json\/wp\/v2\/pages\/1280\/revisions"}],"predecessor-version":[{"id":1281,"href":"https:\/\/morganne.pt\/es\/wp-json\/wp\/v2\/pages\/1280\/revisions\/1281"}],"wp:attachment":[{"href":"https:\/\/morganne.pt\/es\/wp-json\/wp\/v2\/media?parent=1280"}],"curies":[{"name":"wp","href":"https:\/\/api.w.org\/{rel}","templated":true}]}}