{"id":1313,"date":"2020-06-03T07:36:06","date_gmt":"2020-06-03T07:36:06","guid":{"rendered":"https:\/\/morganne.pt\/politica-privacidade\/"},"modified":"2024-02-28T16:42:35","modified_gmt":"2024-02-28T16:42:35","slug":"politica-de-privacidad","status":"publish","type":"page","link":"https:\/\/morganne.pt\/es\/politica-de-privacidad\/","title":{"rendered":"Pol\u00edtica de privacidad"},"content":{"rendered":"\r\n<p>La empresa Morganne, Lda, en el marco de su actividad, lleva a cabo la recopilaci\u00f3n y el tratamiento de los datos personales necesarios para la prestaci\u00f3n de servicios y\/o suministro de productos, tratando, en este contexto, datos como el nombre, la direcci\u00f3n, el n\u00famero de tel\u00e9fono, la direcci\u00f3n de correo electr\u00f3nico, n\u00fameros fiscales y el n\u00famero de identificaci\u00f3n personal.<\/p>\r\n<p>Los datos personales recopilados son tratados inform\u00e1ticamente y en estricto cumplimiento de la legislaci\u00f3n de protecci\u00f3n de datos personales, siendo almacenados en bases de datos espec\u00edficas, creadas para este prop\u00f3sito y, en ning\u00fan caso, los datos ser\u00e1n utilizados para otro fin que no sea aquel para el cual se dio el consentimiento por parte del titular de los datos.<\/p>\r\n<p>Sin perjuicio del cumplimiento de obligaciones legales que imponen la comunicaci\u00f3n a entidades policiales, judiciales, fiscales y reguladoras, los datos recopilados est\u00e1n destinados a la gesti\u00f3n de la relaci\u00f3n contractual, la prestaci\u00f3n de los servicios contratados, la adecuaci\u00f3n de los servicios a las necesidades e intereses del cliente y el marketing.<\/p>\r\n<p>Los datos personales ser\u00e1n almacenados y conservados durante el tiempo necesario para los fines que motivaron su recopilaci\u00f3n, de acuerdo con los requisitos legales, despu\u00e9s de lo cual ser\u00e1n eliminados.<\/p>\r\n<p>Como titulares de los datos personales, se garantiza a los Clientes y Usuarios del sitio web, en cualquier momento, el derecho a solicitar el acceso, la rectificaci\u00f3n, la actualizaci\u00f3n, la limitaci\u00f3n, la eliminaci\u00f3n de sus datos personales, as\u00ed como el derecho de oposici\u00f3n a la utilizaci\u00f3n de los mismos con fines comerciales y a retirar el consentimiento, sin que ello afecte a la licitud del tratamiento realizado en virtud de dicho consentimiento.<\/p>\r\n<p>Al utilizar nuestro sitio web, confirma que acepta los t\u00e9rminos de esta Pol\u00edtica de Privacidad, as\u00ed como nuestros T\u00e9rminos y Condiciones. En caso de no estar de acuerdo con los t\u00e9rminos de nuestra Pol\u00edtica de Privacidad y nuestros T\u00e9rminos y Condiciones, se solicita que no nos proporcione informaci\u00f3n personal y que cese el uso de nuestro sitio web.<\/p>\r\n","protected":false},"excerpt":{"rendered":"<p>La empresa Morganne, Lda, en el marco de su actividad, lleva a cabo la recopilaci\u00f3n y el tratamiento de los datos personales necesarios para la prestaci\u00f3n<span class=\"excerpt-hellip\"> [\u2026]<\/span><\/p>\n","protected":false},"author":1,"featured_media":0,"parent":0,"menu_order":0,"comment_status":"open","ping_status":"open","template":"","meta":{"footnotes":""},"class_list":["post-1313","page","type-page","status-publish","hentry"],"yoast_head":"<!-- This site is optimized with the Yoast SEO plugin v22.1 - https:\/\/yoast.com\/wordpress\/plugins\/seo\/ -->\n<title>Pol\u00edtica de privacidad - Morganne<\/title>\n<meta name=\"robots\" content=\"index, follow, max-snippet:-1, max-image-preview:large, max-video-preview:-1\" \/>\n<link rel=\"canonical\" href=\"https:\/\/morganne.pt\/es\/politica-de-privacidad\/\" \/>\n<meta property=\"og:locale\" content=\"es_ES\" \/>\n<meta property=\"og:type\" content=\"article\" \/>\n<meta property=\"og:title\" content=\"Pol\u00edtica de privacidad - Morganne\" \/>\n<meta property=\"og:description\" content=\"La empresa Morganne, Lda, en el marco de su actividad, lleva a cabo la recopilaci\u00f3n y el tratamiento de los datos personales necesarios para la prestaci\u00f3n [\u2026]\" \/>\n<meta property=\"og:url\" content=\"https:\/\/morganne.pt\/es\/politica-de-privacidad\/\" \/>\n<meta property=\"og:site_name\" content=\"Morganne\" \/>\n<meta property=\"article:modified_time\" content=\"2024-02-28T16:42:35+00:00\" \/>\n<meta name=\"twitter:card\" content=\"summary_large_image\" \/>\n<meta name=\"twitter:label1\" content=\"Tiempo de lectura\" \/>\n\t<meta name=\"twitter:data1\" content=\"2 minutos\" \/>\n<script type=\"application\/ld+json\" class=\"yoast-schema-graph\">{\"@context\":\"https:\/\/schema.org\",\"@graph\":[{\"@type\":\"WebPage\",\"@id\":\"https:\/\/morganne.pt\/es\/politica-de-privacidad\/\",\"url\":\"https:\/\/morganne.pt\/es\/politica-de-privacidad\/\",\"name\":\"Pol\u00edtica de privacidad - Morganne\",\"isPartOf\":{\"@id\":\"https:\/\/morganne.pt\/#website\"},\"datePublished\":\"2020-06-03T07:36:06+00:00\",\"dateModified\":\"2024-02-28T16:42:35+00:00\",\"breadcrumb\":{\"@id\":\"https:\/\/morganne.pt\/es\/politica-de-privacidad\/#breadcrumb\"},\"inLanguage\":\"es\",\"potentialAction\":[{\"@type\":\"ReadAction\",\"target\":[\"https:\/\/morganne.pt\/es\/politica-de-privacidad\/\"]}]},{\"@type\":\"BreadcrumbList\",\"@id\":\"https:\/\/morganne.pt\/es\/politica-de-privacidad\/#breadcrumb\",\"itemListElement\":[{\"@type\":\"ListItem\",\"position\":1,\"name\":\"In\u00edcio\",\"item\":\"https:\/\/morganne.pt\/es\/\"},{\"@type\":\"ListItem\",\"position\":2,\"name\":\"Pol\u00edtica de privacidad\"}]},{\"@type\":\"WebSite\",\"@id\":\"https:\/\/morganne.pt\/#website\",\"url\":\"https:\/\/morganne.pt\/\",\"name\":\"Morganne | Ilumina\u00e7\u00e3o\",\"description\":\"Ilumina\u00e7\u00e3o\",\"potentialAction\":[{\"@type\":\"SearchAction\",\"target\":{\"@type\":\"EntryPoint\",\"urlTemplate\":\"https:\/\/morganne.pt\/?s={search_term_string}\"},\"query-input\":\"required name=search_term_string\"}],\"inLanguage\":\"es\"}]}<\/script>\n<!-- \/ Yoast SEO plugin. -->","yoast_head_json":{"title":"Pol\u00edtica de privacidad - Morganne","robots":{"index":"index","follow":"follow","max-snippet":"max-snippet:-1","max-image-preview":"max-image-preview:large","max-video-preview":"max-video-preview:-1"},"canonical":"https:\/\/morganne.pt\/es\/politica-de-privacidad\/","og_locale":"es_ES","og_type":"article","og_title":"Pol\u00edtica de privacidad - Morganne","og_description":"La empresa Morganne, Lda, en el marco de su actividad, lleva a cabo la recopilaci\u00f3n y el tratamiento de los datos personales necesarios para la prestaci\u00f3n [\u2026]","og_url":"https:\/\/morganne.pt\/es\/politica-de-privacidad\/","og_site_name":"Morganne","article_modified_time":"2024-02-28T16:42:35+00:00","twitter_card":"summary_large_image","twitter_misc":{"Tiempo de lectura":"2 minutos"},"schema":{"@context":"https:\/\/schema.org","@graph":[{"@type":"WebPage","@id":"https:\/\/morganne.pt\/es\/politica-de-privacidad\/","url":"https:\/\/morganne.pt\/es\/politica-de-privacidad\/","name":"Pol\u00edtica de privacidad - Morganne","isPartOf":{"@id":"https:\/\/morganne.pt\/#website"},"datePublished":"2020-06-03T07:36:06+00:00","dateModified":"2024-02-28T16:42:35+00:00","breadcrumb":{"@id":"https:\/\/morganne.pt\/es\/politica-de-privacidad\/#breadcrumb"},"inLanguage":"es","potentialAction":[{"@type":"ReadAction","target":["https:\/\/morganne.pt\/es\/politica-de-privacidad\/"]}]},{"@type":"BreadcrumbList","@id":"https:\/\/morganne.pt\/es\/politica-de-privacidad\/#breadcrumb","itemListElement":[{"@type":"ListItem","position":1,"name":"In\u00edcio","item":"https:\/\/morganne.pt\/es\/"},{"@type":"ListItem","position":2,"name":"Pol\u00edtica de privacidad"}]},{"@type":"WebSite","@id":"https:\/\/morganne.pt\/#website","url":"https:\/\/morganne.pt\/","name":"Morganne | Ilumina\u00e7\u00e3o","description":"Ilumina\u00e7\u00e3o","potentialAction":[{"@type":"SearchAction","target":{"@type":"EntryPoint","urlTemplate":"https:\/\/morganne.pt\/?s={search_term_string}"},"query-input":"required name=search_term_string"}],"inLanguage":"es"}]}},"_links":{"self":[{"href":"https:\/\/morganne.pt\/es\/wp-json\/wp\/v2\/pages\/1313","targetHints":{"allow":["GET"]}}],"collection":[{"href":"https:\/\/morganne.pt\/es\/wp-json\/wp\/v2\/pages"}],"about":[{"href":"https:\/\/morganne.pt\/es\/wp-json\/wp\/v2\/types\/page"}],"author":[{"embeddable":true,"href":"https:\/\/morganne.pt\/es\/wp-json\/wp\/v2\/users\/1"}],"replies":[{"embeddable":true,"href":"https:\/\/morganne.pt\/es\/wp-json\/wp\/v2\/comments?post=1313"}],"version-history":[{"count":2,"href":"https:\/\/morganne.pt\/es\/wp-json\/wp\/v2\/pages\/1313\/revisions"}],"predecessor-version":[{"id":1315,"href":"https:\/\/morganne.pt\/es\/wp-json\/wp\/v2\/pages\/1313\/revisions\/1315"}],"wp:attachment":[{"href":"https:\/\/morganne.pt\/es\/wp-json\/wp\/v2\/media?parent=1313"}],"curies":[{"name":"wp","href":"https:\/\/api.w.org\/{rel}","templated":true}]}}