{"id":1355,"date":"2024-01-31T11:37:11","date_gmt":"2024-01-31T11:37:11","guid":{"rendered":"https:\/\/morganne.pt\/parcerias\/"},"modified":"2026-01-30T22:52:32","modified_gmt":"2026-01-30T22:52:32","slug":"%e3%83%91%e3%83%bc%e3%83%88%e3%83%8a%e3%83%bc%e3%82%b7%e3%83%83%e3%83%97","status":"publish","type":"page","link":"https:\/\/morganne.pt\/ja\/%e3%83%91%e3%83%bc%e3%83%88%e3%83%8a%e3%83%bc%e3%82%b7%e3%83%83%e3%83%97\/","title":{"rendered":"\u30d1\u30fc\u30c8\u30ca\u30fc\u30b7\u30c3\u30d7"},"content":{"rendered":"","protected":false},"excerpt":{"rendered":"","protected":false},"author":1,"featured_media":0,"parent":0,"menu_order":0,"comment_status":"open","ping_status":"closed","template":"","meta":{"footnotes":""},"class_list":["post-1355","page","type-page","status-publish","hentry"],"yoast_head":"<!-- This site is optimized with the Yoast SEO plugin v22.1 - https:\/\/yoast.com\/wordpress\/plugins\/seo\/ -->\n<title>\u30d1\u30fc\u30c8\u30ca\u30fc\u30b7\u30c3\u30d7 - Morganne<\/title>\n<meta name=\"robots\" content=\"index, follow, max-snippet:-1, max-image-preview:large, max-video-preview:-1\" \/>\n<link rel=\"canonical\" href=\"https:\/\/morganne.pt\/parcerias\/\" \/>\n<meta property=\"og:locale\" content=\"ja_JP\" \/>\n<meta property=\"og:type\" content=\"article\" \/>\n<meta property=\"og:title\" content=\"\u30d1\u30fc\u30c8\u30ca\u30fc\u30b7\u30c3\u30d7 - Morganne\" \/>\n<meta property=\"og:url\" content=\"https:\/\/morganne.pt\/parcerias\/\" \/>\n<meta property=\"og:site_name\" content=\"Morganne\" \/>\n<meta property=\"article:modified_time\" content=\"2026-01-30T22:52:32+00:00\" \/>\n<meta name=\"twitter:card\" content=\"summary_large_image\" \/>\n<script type=\"application\/ld+json\" class=\"yoast-schema-graph\">{\"@context\":\"https:\/\/schema.org\",\"@graph\":[{\"@type\":\"WebPage\",\"@id\":\"https:\/\/morganne.pt\/parcerias\/\",\"url\":\"https:\/\/morganne.pt\/parcerias\/\",\"name\":\"\u30d1\u30fc\u30c8\u30ca\u30fc\u30b7\u30c3\u30d7 - Morganne\",\"isPartOf\":{\"@id\":\"https:\/\/morganne.pt\/#website\"},\"datePublished\":\"2024-01-31T11:37:11+00:00\",\"dateModified\":\"2026-01-30T22:52:32+00:00\",\"breadcrumb\":{\"@id\":\"https:\/\/morganne.pt\/parcerias\/#breadcrumb\"},\"inLanguage\":\"ja\",\"potentialAction\":[{\"@type\":\"ReadAction\",\"target\":[\"https:\/\/morganne.pt\/parcerias\/\"]}]},{\"@type\":\"BreadcrumbList\",\"@id\":\"https:\/\/morganne.pt\/parcerias\/#breadcrumb\",\"itemListElement\":[{\"@type\":\"ListItem\",\"position\":1,\"name\":\"In\u00edcio\",\"item\":\"https:\/\/morganne.pt\/ja\/\"},{\"@type\":\"ListItem\",\"position\":2,\"name\":\"\u30d1\u30fc\u30c8\u30ca\u30fc\u30b7\u30c3\u30d7\"}]},{\"@type\":\"WebSite\",\"@id\":\"https:\/\/morganne.pt\/#website\",\"url\":\"https:\/\/morganne.pt\/\",\"name\":\"Morganne | Ilumina\u00e7\u00e3o\",\"description\":\"Ilumina\u00e7\u00e3o\",\"potentialAction\":[{\"@type\":\"SearchAction\",\"target\":{\"@type\":\"EntryPoint\",\"urlTemplate\":\"https:\/\/morganne.pt\/?s={search_term_string}\"},\"query-input\":\"required name=search_term_string\"}],\"inLanguage\":\"ja\"}]}<\/script>\n<!-- \/ Yoast SEO plugin. -->","yoast_head_json":{"title":"\u30d1\u30fc\u30c8\u30ca\u30fc\u30b7\u30c3\u30d7 - Morganne","robots":{"index":"index","follow":"follow","max-snippet":"max-snippet:-1","max-image-preview":"max-image-preview:large","max-video-preview":"max-video-preview:-1"},"canonical":"https:\/\/morganne.pt\/parcerias\/","og_locale":"ja_JP","og_type":"article","og_title":"\u30d1\u30fc\u30c8\u30ca\u30fc\u30b7\u30c3\u30d7 - Morganne","og_url":"https:\/\/morganne.pt\/parcerias\/","og_site_name":"Morganne","article_modified_time":"2026-01-30T22:52:32+00:00","twitter_card":"summary_large_image","schema":{"@context":"https:\/\/schema.org","@graph":[{"@type":"WebPage","@id":"https:\/\/morganne.pt\/parcerias\/","url":"https:\/\/morganne.pt\/parcerias\/","name":"\u30d1\u30fc\u30c8\u30ca\u30fc\u30b7\u30c3\u30d7 - Morganne","isPartOf":{"@id":"https:\/\/morganne.pt\/#website"},"datePublished":"2024-01-31T11:37:11+00:00","dateModified":"2026-01-30T22:52:32+00:00","breadcrumb":{"@id":"https:\/\/morganne.pt\/parcerias\/#breadcrumb"},"inLanguage":"ja","potentialAction":[{"@type":"ReadAction","target":["https:\/\/morganne.pt\/parcerias\/"]}]},{"@type":"BreadcrumbList","@id":"https:\/\/morganne.pt\/parcerias\/#breadcrumb","itemListElement":[{"@type":"ListItem","position":1,"name":"In\u00edcio","item":"https:\/\/morganne.pt\/ja\/"},{"@type":"ListItem","position":2,"name":"\u30d1\u30fc\u30c8\u30ca\u30fc\u30b7\u30c3\u30d7"}]},{"@type":"WebSite","@id":"https:\/\/morganne.pt\/#website","url":"https:\/\/morganne.pt\/","name":"Morganne | Ilumina\u00e7\u00e3o","description":"Ilumina\u00e7\u00e3o","potentialAction":[{"@type":"SearchAction","target":{"@type":"EntryPoint","urlTemplate":"https:\/\/morganne.pt\/?s={search_term_string}"},"query-input":"required name=search_term_string"}],"inLanguage":"ja"}]}},"_links":{"self":[{"href":"https:\/\/morganne.pt\/ja\/wp-json\/wp\/v2\/pages\/1355","targetHints":{"allow":["GET"]}}],"collection":[{"href":"https:\/\/morganne.pt\/ja\/wp-json\/wp\/v2\/pages"}],"about":[{"href":"https:\/\/morganne.pt\/ja\/wp-json\/wp\/v2\/types\/page"}],"author":[{"embeddable":true,"href":"https:\/\/morganne.pt\/ja\/wp-json\/wp\/v2\/users\/1"}],"replies":[{"embeddable":true,"href":"https:\/\/morganne.pt\/ja\/wp-json\/wp\/v2\/comments?post=1355"}],"version-history":[{"count":1,"href":"https:\/\/morganne.pt\/ja\/wp-json\/wp\/v2\/pages\/1355\/revisions"}],"predecessor-version":[{"id":1356,"href":"https:\/\/morganne.pt\/ja\/wp-json\/wp\/v2\/pages\/1355\/revisions\/1356"}],"wp:attachment":[{"href":"https:\/\/morganne.pt\/ja\/wp-json\/wp\/v2\/media?parent=1355"}],"curies":[{"name":"wp","href":"https:\/\/api.w.org\/{rel}","templated":true}]}}