{"id":1360,"date":"2020-06-03T07:36:06","date_gmt":"2020-06-03T07:36:06","guid":{"rendered":"https:\/\/morganne.pt\/politica-privacidade\/"},"modified":"2024-03-05T10:41:16","modified_gmt":"2024-03-05T10:41:16","slug":"%e3%83%97%e3%83%a9%e3%82%a4%e3%83%90%e3%82%b7%e3%83%bc%e3%83%9d%e3%83%aa%e3%82%b7%e3%83%bc","status":"publish","type":"page","link":"https:\/\/morganne.pt\/ja\/%e3%83%97%e3%83%a9%e3%82%a4%e3%83%90%e3%82%b7%e3%83%bc%e3%83%9d%e3%83%aa%e3%82%b7%e3%83%bc\/","title":{"rendered":"\u30d7\u30e9\u30a4\u30d0\u30b7\u30fc\u30dd\u30ea\u30b7\u30fc"},"content":{"rendered":"\r\n<p>\u30e2\u30fc\u30ac\u30f3\u793e\u306f\u3001\u305d\u306e\u696d\u52d9\u306e\u7bc4\u56f2\u5185\u3067\u3001\u30b5\u30fc\u30d3\u30b9\u306e\u63d0\u4f9b\u3084\u88fd\u54c1\u306e\u4f9b\u7d66\u306b\u5fc5\u8981\u306a\u500b\u4eba\u30c7\u30fc\u30bf\u306e\u53ce\u96c6\u304a\u3088\u3073\u51e6\u7406\u3092\u884c\u3044\u3001\u305d\u306e\u7bc4\u56f2\u5185\u3067\u3001\u540d\u524d\u3001\u4f4f\u6240\u3001\u96fb\u8a71\u756a\u53f7\u3001\u96fb\u5b50\u30e1\u30fc\u30eb\u30a2\u30c9\u30ec\u30b9\u3001\u7a0e\u91d1\u756a\u53f7\u3001\u304a\u3088\u3073\u56fd\u6c11ID\u30ab\u30fc\u30c9\u756a\u53f7\u306a\u3069\u306e\u30c7\u30fc\u30bf\u3092\u51e6\u7406\u3057\u3066\u3044\u307e\u3059\u3002<\/p>\r\n<p>\u53ce\u96c6\u3055\u308c\u305f\u500b\u4eba\u30c7\u30fc\u30bf\u306f\u3001\u500b\u4eba\u30c7\u30fc\u30bf\u4fdd\u8b77\u306e\u6cd5\u5f8b\u3092\u53b3\u5bc6\u306b\u9075\u5b88\u3057\u3066\u30b3\u30f3\u30d4\u30e5\u30fc\u30bf\u30fc\u3067\u51e6\u7406\u3055\u308c\u3001\u7279\u5b9a\u306e\u76ee\u7684\u306e\u305f\u3081\u306b\u4f5c\u6210\u3055\u308c\u305f\u7279\u5b9a\u306e\u30c7\u30fc\u30bf\u30d9\u30fc\u30b9\u306b\u4fdd\u5b58\u3055\u308c\u307e\u3059\u3002\u53ce\u96c6\u3055\u308c\u305f\u30c7\u30fc\u30bf\u306f\u3001\u30c7\u30fc\u30bf\u306e\u6240\u6709\u8005\u306e\u540c\u610f\u306b\u3088\u3063\u3066\u8a31\u53ef\u3055\u308c\u3066\u3044\u308b\u76ee\u7684\u4ee5\u5916\u306b\u4f7f\u7528\u3055\u308c\u308b\u3053\u3068\u306f\u3042\u308a\u307e\u305b\u3093\u3002<\/p>\r\n<p>\u6cd5\u57f7\u884c\u6a5f\u95a2\u3001\u53f8\u6cd5\u6a5f\u95a2\u3001\u7a0e\u52d9\u5f53\u5c40\u3001\u898f\u5236\u5f53\u5c40\u306b\u901a\u5831\u3059\u308b\u3053\u3068\u3092\u7fa9\u52d9\u4ed8\u3051\u308b\u6cd5\u7684\u7fa9\u52d9\u306e\u9075\u5b88\u306b\u5f71\u97ff\u3092\u53d7\u3051\u308b\u3053\u3068\u306a\u304f\u3001\u53ce\u96c6\u3055\u308c\u305f\u30c7\u30fc\u30bf\u306f\u5951\u7d04\u95a2\u4fc2\u306e\u7ba1\u7406\u3001\u5951\u7d04\u3055\u308c\u305f\u30b5\u30fc\u30d3\u30b9\u306e\u63d0\u4f9b\u3001\u9867\u5ba2\u306e\u30cb\u30fc\u30ba\u3084\u8208\u5473\u306b\u5408\u308f\u305b\u305f\u30b5\u30fc\u30d3\u30b9\u306e\u8abf\u6574\u3001\u304a\u3088\u3073\u30de\u30fc\u30b1\u30c6\u30a3\u30f3\u30b0\u306b\u4f7f\u7528\u3055\u308c\u307e\u3059\u3002<\/p>\r\n<p>\u500b\u4eba\u30c7\u30fc\u30bf\u306f\u3001\u53ce\u96c6\u3055\u308c\u305f\u76ee\u7684\u306b\u5fc5\u8981\u306a\u671f\u9593\u3060\u3051\u4fdd\u5b58\u304a\u3088\u3073\u4fdd\u7ba1\u3055\u308c\u3001\u6cd5\u7684\u8981\u4ef6\u306b\u5f93\u3044\u307e\u3059\u3002\u305d\u306e\u5f8c\u3001\u540c\u30c7\u30fc\u30bf\u306f\u524a\u9664\u3055\u308c\u307e\u3059\u3002<\/p>\r\n<p>\u500b\u4eba\u30c7\u30fc\u30bf\u306e\u6240\u6709\u8005\u3068\u3057\u3066\u3001\u30a6\u30a7\u30d6\u30b5\u30a4\u30c8\u306e\u9867\u5ba2\u304a\u3088\u3073\u5229\u7528\u8005\u306f\u3001\u3044\u3064\u3067\u3082\u3001\u81ea\u8eab\u306e\u500b\u4eba\u30c7\u30fc\u30bf\u3078\u306e\u30a2\u30af\u30bb\u30b9\u3001\u4fee\u6b63\u3001\u66f4\u65b0\u3001\u5236\u9650\u3001\u524a\u9664\u3001\u304a\u3088\u3073\u5546\u696d\u76ee\u7684\u3067\u306e\u4f7f\u7528\u306b\u5bfe\u3059\u308b\u53cd\u5bfe\u6a29\u5229\u3001\u540c\u610f\u306e\u64a4\u56de\u6a29\u5229\u3092\u8981\u6c42\u3059\u308b\u6a29\u5229\u304c\u4fdd\u8a3c\u3055\u308c\u3066\u3044\u307e\u3059\u3002\u305f\u3060\u3057\u3001\u3053\u308c\u306b\u3088\u3063\u3066\u540c\u610f\u306b\u57fa\u3065\u304f\u51e6\u7406\u306e\u5408\u6cd5\u6027\u304c\u640d\u306a\u308f\u308c\u308b\u3053\u3068\u306f\u3042\u308a\u307e\u305b\u3093\u3002<\/p>\r\n<p>\u5f53\u793e\u306e\u30a6\u30a7\u30d6\u30b5\u30a4\u30c8\u3092\u5229\u7528\u3059\u308b\u3053\u3068\u3067\u3001\u3053\u306e\u30d7\u30e9\u30a4\u30d0\u30b7\u30fc\u30dd\u30ea\u30b7\u30fc\u304a\u3088\u3073\u5f53\u793e\u306e\u5229\u7528\u898f\u7d04\u306b\u540c\u610f\u3057\u305f\u3082\u306e\u3068\u307f\u306a\u3055\u308c\u307e\u3059\u3002\u5f53\u793e\u306e\u30d7\u30e9\u30a4\u30d0\u30b7\u30fc\u30dd\u30ea\u30b7\u30fc\u3084\u5229\u7528\u898f\u7d04\u306b\u540c\u610f\u3057\u306a\u3044\u5834\u5408\u306f\u3001\u500b\u4eba\u60c5\u5831\u3092\u63d0\u4f9b\u305b\u305a\u3001\u5f53\u793e\u306e\u30a6\u30a7\u30d6\u30b5\u30a4\u30c8\u306e\u5229\u7528\u3092\u4e2d\u6b62\u3057\u3066\u304f\u3060\u3055\u3044\u3002<\/p>\r\n\r\n\r\n\r\n<h3 style=\"text-align: justify;\">\u00a0<\/h3>\r\n","protected":false},"excerpt":{"rendered":"<p>\u30e2\u30fc\u30ac\u30f3\u793e\u306f\u3001\u305d\u306e\u696d\u52d9\u306e\u7bc4\u56f2\u5185\u3067\u3001\u30b5\u30fc\u30d3\u30b9\u306e\u63d0\u4f9b\u3084\u88fd<span class=\"excerpt-hellip\"> [\u2026]<\/span><\/p>\n","protected":false},"author":1,"featured_media":0,"parent":0,"menu_order":0,"comment_status":"open","ping_status":"open","template":"","meta":{"footnotes":""},"class_list":["post-1360","page","type-page","status-publish","hentry"],"yoast_head":"<!-- This site is optimized with the Yoast SEO plugin v22.1 - https:\/\/yoast.com\/wordpress\/plugins\/seo\/ -->\n<title>\u30d7\u30e9\u30a4\u30d0\u30b7\u30fc\u30dd\u30ea\u30b7\u30fc - Morganne<\/title>\n<meta name=\"robots\" content=\"index, follow, max-snippet:-1, max-image-preview:large, max-video-preview:-1\" \/>\n<link rel=\"canonical\" href=\"https:\/\/morganne.pt\/ja\/\u30d7\u30e9\u30a4\u30d0\u30b7\u30fc\u30dd\u30ea\u30b7\u30fc\/\" \/>\n<meta property=\"og:locale\" content=\"ja_JP\" \/>\n<meta property=\"og:type\" content=\"article\" \/>\n<meta property=\"og:title\" content=\"\u30d7\u30e9\u30a4\u30d0\u30b7\u30fc\u30dd\u30ea\u30b7\u30fc - Morganne\" \/>\n<meta property=\"og:description\" content=\"\u30e2\u30fc\u30ac\u30f3\u793e\u306f\u3001\u305d\u306e\u696d\u52d9\u306e\u7bc4\u56f2\u5185\u3067\u3001\u30b5\u30fc\u30d3\u30b9\u306e\u63d0\u4f9b\u3084\u88fd [\u2026]\" \/>\n<meta property=\"og:url\" content=\"https:\/\/morganne.pt\/ja\/\u30d7\u30e9\u30a4\u30d0\u30b7\u30fc\u30dd\u30ea\u30b7\u30fc\/\" \/>\n<meta property=\"og:site_name\" content=\"Morganne\" \/>\n<meta property=\"article:modified_time\" content=\"2024-03-05T10:41:16+00:00\" \/>\n<meta name=\"twitter:card\" content=\"summary_large_image\" \/>\n<meta name=\"twitter:label1\" content=\"\u63a8\u5b9a\u8aad\u307f\u53d6\u308a\u6642\u9593\" \/>\n\t<meta name=\"twitter:data1\" content=\"1\u5206\" \/>\n<script type=\"application\/ld+json\" class=\"yoast-schema-graph\">{\"@context\":\"https:\/\/schema.org\",\"@graph\":[{\"@type\":\"WebPage\",\"@id\":\"https:\/\/morganne.pt\/ja\/%e3%83%97%e3%83%a9%e3%82%a4%e3%83%90%e3%82%b7%e3%83%bc%e3%83%9d%e3%83%aa%e3%82%b7%e3%83%bc\/\",\"url\":\"https:\/\/morganne.pt\/ja\/%e3%83%97%e3%83%a9%e3%82%a4%e3%83%90%e3%82%b7%e3%83%bc%e3%83%9d%e3%83%aa%e3%82%b7%e3%83%bc\/\",\"name\":\"\u30d7\u30e9\u30a4\u30d0\u30b7\u30fc\u30dd\u30ea\u30b7\u30fc - Morganne\",\"isPartOf\":{\"@id\":\"https:\/\/morganne.pt\/#website\"},\"datePublished\":\"2020-06-03T07:36:06+00:00\",\"dateModified\":\"2024-03-05T10:41:16+00:00\",\"breadcrumb\":{\"@id\":\"https:\/\/morganne.pt\/ja\/%e3%83%97%e3%83%a9%e3%82%a4%e3%83%90%e3%82%b7%e3%83%bc%e3%83%9d%e3%83%aa%e3%82%b7%e3%83%bc\/#breadcrumb\"},\"inLanguage\":\"ja\",\"potentialAction\":[{\"@type\":\"ReadAction\",\"target\":[\"https:\/\/morganne.pt\/ja\/%e3%83%97%e3%83%a9%e3%82%a4%e3%83%90%e3%82%b7%e3%83%bc%e3%83%9d%e3%83%aa%e3%82%b7%e3%83%bc\/\"]}]},{\"@type\":\"BreadcrumbList\",\"@id\":\"https:\/\/morganne.pt\/ja\/%e3%83%97%e3%83%a9%e3%82%a4%e3%83%90%e3%82%b7%e3%83%bc%e3%83%9d%e3%83%aa%e3%82%b7%e3%83%bc\/#breadcrumb\",\"itemListElement\":[{\"@type\":\"ListItem\",\"position\":1,\"name\":\"In\u00edcio\",\"item\":\"https:\/\/morganne.pt\/ja\/\"},{\"@type\":\"ListItem\",\"position\":2,\"name\":\"\u30d7\u30e9\u30a4\u30d0\u30b7\u30fc\u30dd\u30ea\u30b7\u30fc\"}]},{\"@type\":\"WebSite\",\"@id\":\"https:\/\/morganne.pt\/#website\",\"url\":\"https:\/\/morganne.pt\/\",\"name\":\"Morganne | Ilumina\u00e7\u00e3o\",\"description\":\"Ilumina\u00e7\u00e3o\",\"potentialAction\":[{\"@type\":\"SearchAction\",\"target\":{\"@type\":\"EntryPoint\",\"urlTemplate\":\"https:\/\/morganne.pt\/?s={search_term_string}\"},\"query-input\":\"required name=search_term_string\"}],\"inLanguage\":\"ja\"}]}<\/script>\n<!-- \/ Yoast SEO plugin. -->","yoast_head_json":{"title":"\u30d7\u30e9\u30a4\u30d0\u30b7\u30fc\u30dd\u30ea\u30b7\u30fc - Morganne","robots":{"index":"index","follow":"follow","max-snippet":"max-snippet:-1","max-image-preview":"max-image-preview:large","max-video-preview":"max-video-preview:-1"},"canonical":"https:\/\/morganne.pt\/ja\/\u30d7\u30e9\u30a4\u30d0\u30b7\u30fc\u30dd\u30ea\u30b7\u30fc\/","og_locale":"ja_JP","og_type":"article","og_title":"\u30d7\u30e9\u30a4\u30d0\u30b7\u30fc\u30dd\u30ea\u30b7\u30fc - Morganne","og_description":"\u30e2\u30fc\u30ac\u30f3\u793e\u306f\u3001\u305d\u306e\u696d\u52d9\u306e\u7bc4\u56f2\u5185\u3067\u3001\u30b5\u30fc\u30d3\u30b9\u306e\u63d0\u4f9b\u3084\u88fd [\u2026]","og_url":"https:\/\/morganne.pt\/ja\/\u30d7\u30e9\u30a4\u30d0\u30b7\u30fc\u30dd\u30ea\u30b7\u30fc\/","og_site_name":"Morganne","article_modified_time":"2024-03-05T10:41:16+00:00","twitter_card":"summary_large_image","twitter_misc":{"\u63a8\u5b9a\u8aad\u307f\u53d6\u308a\u6642\u9593":"1\u5206"},"schema":{"@context":"https:\/\/schema.org","@graph":[{"@type":"WebPage","@id":"https:\/\/morganne.pt\/ja\/%e3%83%97%e3%83%a9%e3%82%a4%e3%83%90%e3%82%b7%e3%83%bc%e3%83%9d%e3%83%aa%e3%82%b7%e3%83%bc\/","url":"https:\/\/morganne.pt\/ja\/%e3%83%97%e3%83%a9%e3%82%a4%e3%83%90%e3%82%b7%e3%83%bc%e3%83%9d%e3%83%aa%e3%82%b7%e3%83%bc\/","name":"\u30d7\u30e9\u30a4\u30d0\u30b7\u30fc\u30dd\u30ea\u30b7\u30fc - Morganne","isPartOf":{"@id":"https:\/\/morganne.pt\/#website"},"datePublished":"2020-06-03T07:36:06+00:00","dateModified":"2024-03-05T10:41:16+00:00","breadcrumb":{"@id":"https:\/\/morganne.pt\/ja\/%e3%83%97%e3%83%a9%e3%82%a4%e3%83%90%e3%82%b7%e3%83%bc%e3%83%9d%e3%83%aa%e3%82%b7%e3%83%bc\/#breadcrumb"},"inLanguage":"ja","potentialAction":[{"@type":"ReadAction","target":["https:\/\/morganne.pt\/ja\/%e3%83%97%e3%83%a9%e3%82%a4%e3%83%90%e3%82%b7%e3%83%bc%e3%83%9d%e3%83%aa%e3%82%b7%e3%83%bc\/"]}]},{"@type":"BreadcrumbList","@id":"https:\/\/morganne.pt\/ja\/%e3%83%97%e3%83%a9%e3%82%a4%e3%83%90%e3%82%b7%e3%83%bc%e3%83%9d%e3%83%aa%e3%82%b7%e3%83%bc\/#breadcrumb","itemListElement":[{"@type":"ListItem","position":1,"name":"In\u00edcio","item":"https:\/\/morganne.pt\/ja\/"},{"@type":"ListItem","position":2,"name":"\u30d7\u30e9\u30a4\u30d0\u30b7\u30fc\u30dd\u30ea\u30b7\u30fc"}]},{"@type":"WebSite","@id":"https:\/\/morganne.pt\/#website","url":"https:\/\/morganne.pt\/","name":"Morganne | Ilumina\u00e7\u00e3o","description":"Ilumina\u00e7\u00e3o","potentialAction":[{"@type":"SearchAction","target":{"@type":"EntryPoint","urlTemplate":"https:\/\/morganne.pt\/?s={search_term_string}"},"query-input":"required name=search_term_string"}],"inLanguage":"ja"}]}},"_links":{"self":[{"href":"https:\/\/morganne.pt\/ja\/wp-json\/wp\/v2\/pages\/1360","targetHints":{"allow":["GET"]}}],"collection":[{"href":"https:\/\/morganne.pt\/ja\/wp-json\/wp\/v2\/pages"}],"about":[{"href":"https:\/\/morganne.pt\/ja\/wp-json\/wp\/v2\/types\/page"}],"author":[{"embeddable":true,"href":"https:\/\/morganne.pt\/ja\/wp-json\/wp\/v2\/users\/1"}],"replies":[{"embeddable":true,"href":"https:\/\/morganne.pt\/ja\/wp-json\/wp\/v2\/comments?post=1360"}],"version-history":[{"count":2,"href":"https:\/\/morganne.pt\/ja\/wp-json\/wp\/v2\/pages\/1360\/revisions"}],"predecessor-version":[{"id":1362,"href":"https:\/\/morganne.pt\/ja\/wp-json\/wp\/v2\/pages\/1360\/revisions\/1362"}],"wp:attachment":[{"href":"https:\/\/morganne.pt\/ja\/wp-json\/wp\/v2\/media?parent=1360"}],"curies":[{"name":"wp","href":"https:\/\/api.w.org\/{rel}","templated":true}]}}